{"id":2236,"date":"2025-09-17T11:34:24","date_gmt":"2025-09-17T11:34:24","guid":{"rendered":"https:\/\/alberguelosblasones.com\/?page_id=2236"},"modified":"2025-09-17T11:40:40","modified_gmt":"2025-09-17T11:40:40","slug":"politica-de-privacidade-2","status":"publish","type":"page","link":"https:\/\/alberguelosblasones.com\/gl\/politica-de-privacidade-2\/","title":{"rendered":"Pol\u00edtica de Privacidade"},"content":{"rendered":"\n<h3 class=\"wp-block-heading\">1. Informaci\u00f3n do usuario.<\/h3>\n\n<p>Aurora Gud\u00edn Arias, en diante RESPONSABLE, \u00e9 a Responsable do tratamento dos datos persoais do Usuario e inf\u00f3rmalle de que estes datos ser\u00e1n tratados de acordo co establecido no Regulamento (UE) 2016\/679, do 27 de abril de 2016 (GDPR). a protecci\u00f3n das persoas f\u00edsicas no que respecta ao tratamento de datos persoais e \u00e1 libre circulaci\u00f3n destes datos, para o que se facilita a seguinte informaci\u00f3n de tratamento:<\/p>\n\n<p><strong>Fin do tratamento<\/strong> : manter unha relaci\u00f3n comercial co Usuario. As operaci\u00f3ns previstas para realizar o tratamento son:<\/p>\n\n<ul class=\"wp-block-list\">\n<li>Env\u00edo de comunicaci\u00f3ns publicitarias comerciais por correo electr\u00f3nico, fax, SMS, MMS, comunidades sociais ou calquera outro medio electr\u00f3nico ou f\u00edsico, presente ou futuro, que posibilite a realizaci\u00f3n de comunicaci\u00f3ns comerciais. Estas comunicaci\u00f3ns ser\u00e1n realizadas polo RESPONSABLE e relacionadas cos seus produtos e servizos, ou cos seus colaboradores ou provedores cos que te\u00f1an alcanzado un acordo promocional. Neste caso, terceiros nunca ter\u00e1n acceso aos datos persoais.<\/li>\n\n\n\n<li>Realizar estudos estat\u00edsticos.<\/li>\n\n\n\n<li>Tramitar pedidos, solicitudes ou calquera tipo de solicitude realizada polo usuario a trav\u00e9s de calquera dos formularios de contacto postos a disposici\u00f3n.<\/li>\n\n\n\n<li>Reenviar o bolet\u00edn na p\u00e1xina web.<\/li>\n<\/ul>\n\n<p><strong>Criterios de conservaci\u00f3n de datos<\/strong> : conservaranse mentres exista un interese mutuo para manter a finalidade do tratamento e cando xa non sexa necesario para tal fin, suprimiranse coas medidas de seguridade adecuadas para garantir a pseud\u00f3nimo dos datos ou a destruci\u00f3n total dos datos.propias.<\/p>\n\n<p><strong>Comunicaci\u00f3n de datos<\/strong> : Os datos non ser\u00e1n comunicados a terceiros, salvo obriga legal.<\/p>\n\n<p><strong>Dereitos que axudan ao usuario<\/strong> :<\/p>\n\n<ul class=\"wp-block-list\">\n<li>Dereito a retirar o consentimento en calquera momento.<\/li>\n\n\n\n<li>Dereito de acceso, rectificaci\u00f3n, portabilidade e supresi\u00f3n dos seus datos e a limitaci\u00f3n ou oposici\u00f3n ao seu tratamento.<\/li>\n\n\n\n<li>Dereito a presentar unha reclamaci\u00f3n ante a autoridade de control (agpd.es) se considera que o tratamento non se axusta \u00e1 normativa vixente.<\/li>\n<\/ul>\n\n<p><strong>Datos de contacto para exercer os seus dereitos<\/strong> :<\/p>\n\n<p><a href=\"mailto:pension@losblasones.com\">pensi\u00f3n@losblasones.com<\/a><br\/>Enderezo postal: Los Blasones, r\u00faa Ameneirizas, CP 27600, Sarria (Lugo).<\/p>\n\n<h3 class=\"wp-block-heading\">2. Car\u00e1cter obrigatorio da informaci\u00f3n facilitada polo usuario<\/h3>\n\n<p>Os usuarios, marcando as casillas correspondentes e introducindo os datos nos campos, marcados cun asterisco (*) no formulario de contacto ou presentados en formularios de descarga, aceptan expresa, libre e inequ\u00edvocamente que os seus datos son necesarios para dar resposta \u00e1 s\u00faa solicitude, polo provedor, sendo voluntaria a inclusi\u00f3n de datos nos restantes campos. O Usuario garante que os datos persoais facilitados ao RESPONSABLE son certos e \u00e9 responsable de comunicar calquera modificaci\u00f3n dos mesmos.<\/p>\n\n<p>O RESPONSABLE informa e garante expresamente aos usuarios que os seus datos persoais non ser\u00e1n cedidos en ning\u00fan caso a terceiros, e que sempre que se realice calquera tipo de cesi\u00f3n de datos persoais solicitarase previamente o consentimento expreso, informado e inequ\u00edvoco dos Usuarios. Todos os datos solicitados a trav\u00e9s do sitio web son obrigatorios, xa que son necesarios para prestar un servizo \u00f3ptimo ao Usuario. Se non se facilitan todos os datos, non se garante que a informaci\u00f3n e os servizos prestados estean totalmente adaptados \u00e1s s\u00faas necesidades.<\/p>\n\n<h3 class=\"wp-block-heading\">3. Medidas de seguridade<\/h3>\n\n<p><br\/>Que de conformidade co disposto na normativa vixente en materia de protecci\u00f3n de datos de car\u00e1cter persoal, o RESPONSABLE est\u00e1 cumprindo todo o disposto na normativa GDPR para o tratamento de datos persoais baixo a s\u00faa responsabilidade, e manifestamente cos principios descritos no artigo 5 do GDPR. , pola que se tratan de forma l\u00edcita, leal e transparente en relaci\u00f3n co interesado e adecuadas, pertinentes e limitadas ao necesario en relaci\u00f3n aos fins para os que son tratadas.<\/p>\n\n<p>O RESPONSABLE garante que implantou pol\u00edticas t\u00e9cnicas e organizativas axeitadas para aplicar as medidas de seguridade establecidas polo GDPR co fin de protexer os dereitos e liberdades dos Usuarios e comunicoulles a informaci\u00f3n adecuada para que poidan exercelas.<\/p>\n","protected":false},"excerpt":{"rendered":"<p>1. Informaci\u00f3n do usuario. Aurora Gud\u00edn Arias, en diante RESPONSABLE, \u00e9 a Responsable do tratamento dos datos persoais do Usuario e inf\u00f3rmalle de que estes datos ser\u00e1n tratados de acordo co establecido no Regulamento (UE) 2016\/679, do 27 de abril de 2016 (GDPR). a protecci\u00f3n das persoas f\u00edsicas no que respecta ao tratamento de datos [&hellip;]<\/p>\n","protected":false},"author":1,"featured_media":0,"parent":0,"menu_order":0,"comment_status":"closed","ping_status":"closed","template":"","meta":{"footnotes":""},"class_list":["post-2236","page","type-page","status-publish","hentry"],"yoast_head":"<!-- This site is optimized with the Yoast SEO plugin v25.9 - https:\/\/yoast.com\/wordpress\/plugins\/seo\/ -->\n<title>Pol\u00edtica de Privacidade - Albergue Los Blasones<\/title>\n<meta name=\"robots\" content=\"index, follow, max-snippet:-1, max-image-preview:large, max-video-preview:-1\" \/>\n<link rel=\"canonical\" href=\"https:\/\/alberguelosblasones.com\/aviso-legal\/\" \/>\n<meta property=\"og:locale\" content=\"gl_ES\" \/>\n<meta property=\"og:type\" content=\"article\" \/>\n<meta property=\"og:title\" content=\"Pol\u00edtica de Privacidade - Albergue Los Blasones\" \/>\n<meta property=\"og:description\" content=\"1. Informaci\u00f3n do usuario. Aurora Gud\u00edn Arias, en diante RESPONSABLE, \u00e9 a Responsable do tratamento dos datos persoais do Usuario e inf\u00f3rmalle de que estes datos ser\u00e1n tratados de acordo co establecido no Regulamento (UE) 2016\/679, do 27 de abril de 2016 (GDPR). a protecci\u00f3n das persoas f\u00edsicas no que respecta ao tratamento de datos [&hellip;]\" \/>\n<meta property=\"og:url\" content=\"https:\/\/alberguelosblasones.com\/aviso-legal\/\" \/>\n<meta property=\"og:site_name\" content=\"Albergue Los Blasones\" \/>\n<meta property=\"article:modified_time\" content=\"2025-09-17T11:40:40+00:00\" \/>\n<meta name=\"twitter:card\" content=\"summary_large_image\" \/>\n<meta name=\"twitter:label1\" content=\"Tempo de lectura\" \/>\n\t<meta name=\"twitter:data1\" content=\"3 minutos\" \/>\n<script type=\"application\/ld+json\" class=\"yoast-schema-graph\">{\"@context\":\"https:\/\/schema.org\",\"@graph\":[{\"@type\":\"WebPage\",\"@id\":\"https:\/\/alberguelosblasones.com\/aviso-legal\/\",\"url\":\"https:\/\/alberguelosblasones.com\/aviso-legal\/\",\"name\":\"Pol\u00edtica de Privacidade - Albergue Los Blasones\",\"isPartOf\":{\"@id\":\"https:\/\/alberguelosblasones.com\/#website\"},\"datePublished\":\"2025-09-17T11:34:24+00:00\",\"dateModified\":\"2025-09-17T11:40:40+00:00\",\"breadcrumb\":{\"@id\":\"https:\/\/alberguelosblasones.com\/aviso-legal\/#breadcrumb\"},\"inLanguage\":\"gl-ES\",\"potentialAction\":[{\"@type\":\"ReadAction\",\"target\":[\"https:\/\/alberguelosblasones.com\/aviso-legal\/\"]}]},{\"@type\":\"BreadcrumbList\",\"@id\":\"https:\/\/alberguelosblasones.com\/aviso-legal\/#breadcrumb\",\"itemListElement\":[{\"@type\":\"ListItem\",\"position\":1,\"name\":\"Portada\",\"item\":\"https:\/\/alberguelosblasones.com\/\"},{\"@type\":\"ListItem\",\"position\":2,\"name\":\"Pol\u00edtica de Privacidade\"}]},{\"@type\":\"WebSite\",\"@id\":\"https:\/\/alberguelosblasones.com\/#website\",\"url\":\"https:\/\/alberguelosblasones.com\/\",\"name\":\"Albergue Los Blasones\",\"description\":\"Sitio web de Albergue Los Blasones\",\"potentialAction\":[{\"@type\":\"SearchAction\",\"target\":{\"@type\":\"EntryPoint\",\"urlTemplate\":\"https:\/\/alberguelosblasones.com\/?s={search_term_string}\"},\"query-input\":{\"@type\":\"PropertyValueSpecification\",\"valueRequired\":true,\"valueName\":\"search_term_string\"}}],\"inLanguage\":\"gl-ES\"}]}<\/script>\n<!-- \/ Yoast SEO plugin. -->","yoast_head_json":{"title":"Pol\u00edtica de Privacidade - Albergue Los Blasones","robots":{"index":"index","follow":"follow","max-snippet":"max-snippet:-1","max-image-preview":"max-image-preview:large","max-video-preview":"max-video-preview:-1"},"canonical":"https:\/\/alberguelosblasones.com\/aviso-legal\/","og_locale":"gl_ES","og_type":"article","og_title":"Pol\u00edtica de Privacidade - Albergue Los Blasones","og_description":"1. Informaci\u00f3n do usuario. Aurora Gud\u00edn Arias, en diante RESPONSABLE, \u00e9 a Responsable do tratamento dos datos persoais do Usuario e inf\u00f3rmalle de que estes datos ser\u00e1n tratados de acordo co establecido no Regulamento (UE) 2016\/679, do 27 de abril de 2016 (GDPR). a protecci\u00f3n das persoas f\u00edsicas no que respecta ao tratamento de datos [&hellip;]","og_url":"https:\/\/alberguelosblasones.com\/aviso-legal\/","og_site_name":"Albergue Los Blasones","article_modified_time":"2025-09-17T11:40:40+00:00","twitter_card":"summary_large_image","twitter_misc":{"Tempo de lectura":"3 minutos"},"schema":{"@context":"https:\/\/schema.org","@graph":[{"@type":"WebPage","@id":"https:\/\/alberguelosblasones.com\/aviso-legal\/","url":"https:\/\/alberguelosblasones.com\/aviso-legal\/","name":"Pol\u00edtica de Privacidade - Albergue Los Blasones","isPartOf":{"@id":"https:\/\/alberguelosblasones.com\/#website"},"datePublished":"2025-09-17T11:34:24+00:00","dateModified":"2025-09-17T11:40:40+00:00","breadcrumb":{"@id":"https:\/\/alberguelosblasones.com\/aviso-legal\/#breadcrumb"},"inLanguage":"gl-ES","potentialAction":[{"@type":"ReadAction","target":["https:\/\/alberguelosblasones.com\/aviso-legal\/"]}]},{"@type":"BreadcrumbList","@id":"https:\/\/alberguelosblasones.com\/aviso-legal\/#breadcrumb","itemListElement":[{"@type":"ListItem","position":1,"name":"Portada","item":"https:\/\/alberguelosblasones.com\/"},{"@type":"ListItem","position":2,"name":"Pol\u00edtica de Privacidade"}]},{"@type":"WebSite","@id":"https:\/\/alberguelosblasones.com\/#website","url":"https:\/\/alberguelosblasones.com\/","name":"Albergue Los Blasones","description":"Sitio web de Albergue Los Blasones","potentialAction":[{"@type":"SearchAction","target":{"@type":"EntryPoint","urlTemplate":"https:\/\/alberguelosblasones.com\/?s={search_term_string}"},"query-input":{"@type":"PropertyValueSpecification","valueRequired":true,"valueName":"search_term_string"}}],"inLanguage":"gl-ES"}]}},"_links":{"self":[{"href":"https:\/\/alberguelosblasones.com\/gl\/wp-json\/wp\/v2\/pages\/2236","targetHints":{"allow":["GET"]}}],"collection":[{"href":"https:\/\/alberguelosblasones.com\/gl\/wp-json\/wp\/v2\/pages"}],"about":[{"href":"https:\/\/alberguelosblasones.com\/gl\/wp-json\/wp\/v2\/types\/page"}],"author":[{"embeddable":true,"href":"https:\/\/alberguelosblasones.com\/gl\/wp-json\/wp\/v2\/users\/1"}],"replies":[{"embeddable":true,"href":"https:\/\/alberguelosblasones.com\/gl\/wp-json\/wp\/v2\/comments?post=2236"}],"version-history":[{"count":2,"href":"https:\/\/alberguelosblasones.com\/gl\/wp-json\/wp\/v2\/pages\/2236\/revisions"}],"predecessor-version":[{"id":2240,"href":"https:\/\/alberguelosblasones.com\/gl\/wp-json\/wp\/v2\/pages\/2236\/revisions\/2240"}],"wp:attachment":[{"href":"https:\/\/alberguelosblasones.com\/gl\/wp-json\/wp\/v2\/media?parent=2236"}],"curies":[{"name":"wp","href":"https:\/\/api.w.org\/{rel}","templated":true}]}}